{"id":88,"date":"2023-02-24T18:51:06","date_gmt":"2023-02-24T17:51:06","guid":{"rendered":"http:\/\/lespaysannesrient.fr\/?page_id=88"},"modified":"2023-05-02T09:32:13","modified_gmt":"2023-05-02T07:32:13","slug":"offres-demploi","status":"publish","type":"page","link":"https:\/\/lespaysannesrient.fr\/index.php\/offres-demploi\/","title":{"rendered":"Offres d&#8217;emploi"},"content":{"rendered":"\n<div style=\"height:23px\" aria-hidden=\"true\" class=\"wp-block-spacer\"><\/div>\n\n\n\n<h2 class=\"wp-block-heading\">Offres d&#8217;emploi<\/h2>\n\n\n\n<div class=\"wp-block-columns is-layout-flex wp-container-3\">\n<div class=\"wp-block-column is-layout-flow\" style=\"flex-basis:33.33%\">\n<figure class=\"wp-block-image size-large is-resized has-custom-border is-style-rounded\"><img decoding=\"async\" loading=\"lazy\" src=\"http:\/\/lespaysannesrient.fr\/wp-content\/uploads\/2023\/04\/IMG_1197-1024x768.jpg\" alt=\"\" class=\"wp-image-142\" style=\"border-radius:21px\" width=\"301\" height=\"226\" srcset=\"https:\/\/lespaysannesrient.fr\/wp-content\/uploads\/2023\/04\/IMG_1197-1024x768.jpg 1024w, https:\/\/lespaysannesrient.fr\/wp-content\/uploads\/2023\/04\/IMG_1197-300x225.jpg 300w, https:\/\/lespaysannesrient.fr\/wp-content\/uploads\/2023\/04\/IMG_1197-768x576.jpg 768w, https:\/\/lespaysannesrient.fr\/wp-content\/uploads\/2023\/04\/IMG_1197-1536x1152.jpg 1536w, https:\/\/lespaysannesrient.fr\/wp-content\/uploads\/2023\/04\/IMG_1197-2048x1536.jpg 2048w\" sizes=\"(max-width: 301px) 100vw, 301px\" \/><\/figure>\n<\/div>\n\n\n\n<div class=\"wp-block-column is-layout-flow\" style=\"flex-basis:66.66%\">\n<figure class=\"wp-block-image size-large is-resized has-custom-border is-style-rounded\"><img decoding=\"async\" loading=\"lazy\" src=\"http:\/\/lespaysannesrient.fr\/wp-content\/uploads\/2023\/04\/IMG_1131-768x1024.jpg\" alt=\"Ch\u00e2taignes sortant de l'\u00e9plucheuse\" class=\"wp-image-126\" style=\"border-radius:26px\" width=\"171\" height=\"227\" srcset=\"https:\/\/lespaysannesrient.fr\/wp-content\/uploads\/2023\/04\/IMG_1131-768x1024.jpg 768w, https:\/\/lespaysannesrient.fr\/wp-content\/uploads\/2023\/04\/IMG_1131-225x300.jpg 225w, https:\/\/lespaysannesrient.fr\/wp-content\/uploads\/2023\/04\/IMG_1131-1152x1536.jpg 1152w, https:\/\/lespaysannesrient.fr\/wp-content\/uploads\/2023\/04\/IMG_1131-1536x2048.jpg 1536w, https:\/\/lespaysannesrient.fr\/wp-content\/uploads\/2023\/04\/IMG_1131-scaled.jpg 1920w\" sizes=\"(max-width: 171px) 100vw, 171px\" \/><\/figure>\n<\/div>\n<\/div>\n\n\n\n<p>Nous aurons besoin de renfort pour la saison de ch\u00e2taignes 2023, les offres d&#8217;emploi seront bient\u00f4t disponibles. <\/p>\n\n\n\n<p>Si vous souhaitez \u00eatre tenu.e au courant, envoyez nous votre adresse email \u00e0 contact@lespaysanneries.fr<\/p>\n\n\n\n<div style=\"height:49px\" aria-hidden=\"true\" class=\"wp-block-spacer\"><\/div>\n\n\n\n<p><\/p>\n","protected":false},"excerpt":{"rendered":"<p>Offres d&#8217;emploi Nous aurons besoin de renfort pour la saison de ch\u00e2taignes 2023, les offres d&#8217;emploi seront bient\u00f4t disponibles. Si vous souhaitez \u00eatre tenu.e au courant, envoyez nous votre adresse email \u00e0 contact@lespaysanneries.fr<\/p>\n","protected":false},"author":1,"featured_media":0,"parent":0,"menu_order":0,"comment_status":"closed","ping_status":"closed","template":"","meta":[],"_links":{"self":[{"href":"https:\/\/lespaysannesrient.fr\/index.php\/wp-json\/wp\/v2\/pages\/88"}],"collection":[{"href":"https:\/\/lespaysannesrient.fr\/index.php\/wp-json\/wp\/v2\/pages"}],"about":[{"href":"https:\/\/lespaysannesrient.fr\/index.php\/wp-json\/wp\/v2\/types\/page"}],"author":[{"embeddable":true,"href":"https:\/\/lespaysannesrient.fr\/index.php\/wp-json\/wp\/v2\/users\/1"}],"replies":[{"embeddable":true,"href":"https:\/\/lespaysannesrient.fr\/index.php\/wp-json\/wp\/v2\/comments?post=88"}],"version-history":[{"count":7,"href":"https:\/\/lespaysannesrient.fr\/index.php\/wp-json\/wp\/v2\/pages\/88\/revisions"}],"predecessor-version":[{"id":158,"href":"https:\/\/lespaysannesrient.fr\/index.php\/wp-json\/wp\/v2\/pages\/88\/revisions\/158"}],"wp:attachment":[{"href":"https:\/\/lespaysannesrient.fr\/index.php\/wp-json\/wp\/v2\/media?parent=88"}],"curies":[{"name":"wp","href":"https:\/\/api.w.org\/{rel}","templated":true}]}}