{"id":63,"date":"2023-02-24T17:15:03","date_gmt":"2023-02-24T16:15:03","guid":{"rendered":"http:\/\/lespaysannesrient.fr\/?page_id=63"},"modified":"2023-02-24T17:16:05","modified_gmt":"2023-02-24T16:16:05","slug":"nos-services","status":"publish","type":"page","link":"https:\/\/lespaysannesrient.fr\/index.php\/nos-services\/","title":{"rendered":"Nos Services"},"content":{"rendered":"\n<h2 class=\"has-text-align-center wp-block-heading\">Nos services<\/h2>\n\n\n\n<figure class=\"wp-block-image aligncenter size-full\"><img decoding=\"async\" loading=\"lazy\" width=\"678\" height=\"508\" src=\"http:\/\/lespaysannesrient.fr\/wp-content\/uploads\/2023\/02\/interieur_atelier.png\" alt=\"\" class=\"wp-image-13\" srcset=\"https:\/\/lespaysannesrient.fr\/wp-content\/uploads\/2023\/02\/interieur_atelier.png 678w, https:\/\/lespaysannesrient.fr\/wp-content\/uploads\/2023\/02\/interieur_atelier-300x225.png 300w\" sizes=\"(max-width: 678px) 100vw, 678px\" \/><\/figure>\n\n\n\n<h3 class=\"has-text-align-center wp-block-heading\">Prestations autour de la Ch\u00e2taigne<\/h3>\n\n\n\n<ul>\n<li>Calibrage de vos ch\u00e2taignes<\/li>\n\n\n\n<li>\u00c9pluchage<strong> de ch\u00e2taignes<\/strong>: nous \u00e9pluchons vos ch\u00e2taignes avec notre \u00e9plucheuse d\u00e9di\u00e9e. L&rsquo;\u00e9plucheuse permet de traiter environ 70 kilos de ch\u00e2taignes par heure. Apr\u00e8s l&rsquo;\u00e9pluchage, un tri doit \u00eatre r\u00e9alis\u00e9 par vos soins (nous avons une table de tri) pour \u00e9carter les ch\u00e2taignes montrant des traces de pourriture ou de vers, et pour enlever les premi\u00e8res peaux r\u00e9siduelles. Nous vous conseillons de venir au minimum \u00e0 4 personnes et id\u00e9alement \u00e0 6, afin de suivre le rythme de l&rsquo;\u00e9plucheuse et de r\u00e9aliser un tri de qualit\u00e9. La qualit\u00e9 de votre produit fini d\u00e9pend en grande partie de la qualit\u00e9 du tri !<\/li>\n\n\n\n<li>Pots de Ch\u00e2taignes au naturel: lors du tri, vous s\u00e9lectionnez vos plus belles ch\u00e2taignes &#8230;<\/li>\n\n\n\n<li>Confiture de Ch\u00e2taigne: jksdghjkdsmq<\/li>\n\n\n\n<li>Pur\u00e9e de Ch\u00e2taigne: jkfqljnvhgh<\/li>\n<\/ul>\n\n\n\n<h3 class=\"has-text-align-center wp-block-heading\">Prestations autour des fruits<\/h3>\n\n\n\n<ul>\n<li>Coulis de fruits<\/li>\n\n\n\n<li>Compotes de fruits<\/li>\n\n\n\n<li>Confitures de fruits<\/li>\n\n\n\n<li>Fruits au sirop<\/li>\n<\/ul>\n\n\n\n<h3 class=\"has-text-align-center wp-block-heading\">Prestations autour des l\u00e9gumes<\/h3>\n\n\n\n<ul>\n<li>Soupes<\/li>\n\n\n\n<li>L\u00e9gumes en bocaux<\/li>\n\n\n\n<li>Autres pr\u00e9parations de l\u00e9gumes<\/li>\n<\/ul>\n\n\n\n<h3 class=\"has-text-align-center wp-block-heading\">Location de l&rsquo;atelier<\/h3>\n\n\n\n<p>Il vous est possible de louer l&rsquo;atelier pour r\u00e9aliser vos propres recettes. Un responsable de l&rsquo;atelier vous accompagnera pour pr\u00e9parer la transformation, et durant la transformation elle-m\u00eame pour assurer le bon fonctionnement des machines. Le travail dans l&rsquo;atelier de transformation implique de suivre les bonnes pratiques d&rsquo;hygi\u00e8nes qui vous seront d\u00e9taill\u00e9es. dliuhqluhgluh<\/p>\n","protected":false},"excerpt":{"rendered":"<p>Nos services Prestations autour de la Ch\u00e2taigne Prestations autour des fruits Prestations autour des l\u00e9gumes Location de l&rsquo;atelier Il vous est possible de louer l&rsquo;atelier pour r\u00e9aliser vos propres recettes. Un responsable de l&rsquo;atelier vous accompagnera pour pr\u00e9parer la transformation, et durant la transformation elle-m\u00eame pour assurer le bon fonctionnement des machines. Le travail dans [&hellip;]<\/p>\n","protected":false},"author":1,"featured_media":0,"parent":0,"menu_order":0,"comment_status":"closed","ping_status":"closed","template":"","meta":[],"_links":{"self":[{"href":"https:\/\/lespaysannesrient.fr\/index.php\/wp-json\/wp\/v2\/pages\/63"}],"collection":[{"href":"https:\/\/lespaysannesrient.fr\/index.php\/wp-json\/wp\/v2\/pages"}],"about":[{"href":"https:\/\/lespaysannesrient.fr\/index.php\/wp-json\/wp\/v2\/types\/page"}],"author":[{"embeddable":true,"href":"https:\/\/lespaysannesrient.fr\/index.php\/wp-json\/wp\/v2\/users\/1"}],"replies":[{"embeddable":true,"href":"https:\/\/lespaysannesrient.fr\/index.php\/wp-json\/wp\/v2\/comments?post=63"}],"version-history":[{"count":1,"href":"https:\/\/lespaysannesrient.fr\/index.php\/wp-json\/wp\/v2\/pages\/63\/revisions"}],"predecessor-version":[{"id":64,"href":"https:\/\/lespaysannesrient.fr\/index.php\/wp-json\/wp\/v2\/pages\/63\/revisions\/64"}],"wp:attachment":[{"href":"https:\/\/lespaysannesrient.fr\/index.php\/wp-json\/wp\/v2\/media?parent=63"}],"curies":[{"name":"wp","href":"https:\/\/api.w.org\/{rel}","templated":true}]}}